{"id":2,"date":"2015-04-20T15:35:21","date_gmt":"2015-04-20T15:35:21","guid":{"rendered":"http:\/\/bogyiszloizenekar.hu\/?page_id=2"},"modified":"2015-04-20T18:42:31","modified_gmt":"2015-04-20T18:42:31","slug":"sample-page","status":"publish","type":"page","link":"https:\/\/bogyiszloizenekar.hu\/","title":{"rendered":"Kezd\u0151lap"},"content":{"rendered":"<p class=\"western\" align=\"justify\">A Tolna megyei Pr\u00edma D\u00edjjal, n\u00edv\u00f3d\u00edjjal \u00e9s sz\u00e1mos nagyd\u00edjjal kit\u00fcntetett, f\u00e9l \u00e9vsz\u00e1zados n\u00e9pzenei csal\u00e1di trad\u00edci\u00f3t \u00e1pol\u00f3 banda a dun\u00e1nt\u00fali muzsika kiemelked\u0151 adatk\u00f6zl\u0151je.<\/p>\n<p class=\"western\" align=\"justify\">A Bogyiszl\u00f3i Zenekar muzsik\u00e1j\u00e1t ismerik haz\u00e1nk \u00e9s a vil\u00e1g sz\u00e1mos pontj\u00e1n, j\u00e1tszottak m\u00e1r a Sziget Fesztiv\u00e1lon \u00e9s spanyol f\u0151\u00fari esk\u00fcv\u0151k\u00f6n is, legfontosabbnak m\u00e9gis a r\u00e1juk hagyott bogyiszl\u00f3i n\u00e9pzenei hagyom\u00e1nyok tov\u00e1bbvitel\u00e9t tartj\u00e1k. Bogyiszl\u00f3 n\u00e9pzen\u00e9je mellett cig\u00e1ny \u00e9s d\u00e9lszl\u00e1v dallamok is felcsend\u00fclnek el\u0151ad\u00e1sukban.<\/p>\n<p class=\"western\" align=\"justify\">A zenekar egy csal\u00e1di trad\u00edci\u00f3 \u00e1ltal fent maradt, a n\u00e9pzenei hagyom\u00e1nyt a mai napig \u0151rz\u0151 banda.<\/p>\n<p class=\"western\" align=\"justify\">Megalakul\u00e1sa az 1950-es \u00e9vekre ny\u00falik vissza, azonban igazi zenei hangz\u00e1sa 1969-hez k\u00f6thet\u0151. Az akkori zenekar vezet\u0151je Ors\u00f3s Kis J\u00e1nos volt, aki a N\u00e9pm\u0171v\u00e9szet Mestere c\u00edmet is megkapta.<\/p>\n<p class=\"western\" align=\"justify\">A zenekar a dun\u00e1nt\u00fali muzsika adatk\u00f6zl\u0151j\u00e9v\u00e9 v\u00e1lt. A bogyiszl\u00f3i n\u00e9pzene jellegzetes hangz\u00e1svil\u00e1g\u00e1t j\u00e1tszotta \u00e9s j\u00e1tssza ma is: lass\u00fa cs\u00e1rd\u00e1s, friss cs\u00e1rd\u00e1s, ugr\u00f3s \/c\u00f6n\u00f6ge\/, helyi cig\u00e1nydallamok.<\/p>\n<p class=\"western\" align=\"justify\">A helyi n\u00e9pt\u00e1ncegy\u00fcttest is k\u00eds\u00e9ri a fell\u00e9p\u00e9sein. K\u00fclf\u00f6ld\u00f6n \u00e9s belf\u00f6ld\u00f6n t\u00f6bb alkalommal szerepelt t\u00e1nccsoportokkal \u00e9s \u00f6n\u00e1ll\u00f3an.<\/p>\n<p class=\"western\" align=\"justify\">A bogyiszl\u00f3i mellett sv\u00e1b \u00e9s d\u00e9lszl\u00e1v dallamok sem idegenek t\u0151l\u00fck.<\/p>\n<p class=\"western\" align=\"justify\">K\u00fcl\u00f6nleges zenei hangz\u00e1sa, amire a n\u00e9pzenekutat\u00f3k is felfigyeltek a von\u00f3s banda \u00e9s a tambura banda \u00f6sszeolvad\u00e1s\u00e1b\u00f3l ad\u00f3dott. \u00cdgy jelen vannak a von\u00f3s zenekar \u00e9s a tambura zenekar jellegzetes hangszerei is.<\/p>\n<p class=\"western\" align=\"justify\">von\u00f3s zenekar:<\/p>\n<ul>\n<li>\n<p class=\"western\" align=\"justify\">heged\u0171<\/p>\n<\/li>\n<li>\n<p class=\"western\" align=\"justify\">heged\u0171br\u00e1csa<\/p>\n<\/li>\n<li>\n<p class=\"western\" align=\"justify\">nagyb\u0151g\u0151<\/p>\n<\/li>\n<\/ul>\n<p class=\"western\" align=\"justify\">tambura zenekar<\/p>\n<ul>\n<li>\n<p class=\"western\" align=\"justify\">tamburapr\u00edm<\/p>\n<\/li>\n<li>\n<p class=\"western\" align=\"justify\">tamburabr\u00e1csa<\/p>\n<\/li>\n<li>\n<p class=\"western\" align=\"justify\">nagyb\u0151g\u0151<\/p>\n<\/li>\n<\/ul>\n<p class=\"western\" align=\"justify\">Jelenleg a zenekar a megmaradt alap\u00edt\u00f3 tagb\u00f3l, lesz\u00e1rmazottakb\u00f3l, unok\u00e1kb\u00f3l \u00e1ll.<\/p>\n","protected":false},"excerpt":{"rendered":"<p>A Tolna megyei Pr\u00edma D\u00edjjal, n\u00edv\u00f3d\u00edjjal \u00e9s sz\u00e1mos nagyd\u00edjjal kit\u00fcntetett, f\u00e9l \u00e9vsz\u00e1zados n\u00e9pzenei csal\u00e1di trad\u00edci\u00f3t \u00e1pol\u00f3 banda a dun\u00e1nt\u00fali muzsika kiemelked\u0151 adatk\u00f6zl\u0151je. A Bogyiszl\u00f3i Zenekar muzsik\u00e1j\u00e1t ismerik haz\u00e1nk \u00e9s a vil\u00e1g sz\u00e1mos pontj\u00e1n, j\u00e1tszottak m\u00e1r a Sziget Fesztiv\u00e1lon \u00e9s spanyol f\u0151\u00fari esk\u00fcv\u0151k\u00f6n is, legfontosabbnak m\u00e9gis a r\u00e1juk hagyott bogyiszl\u00f3i n\u00e9pzenei hagyom\u00e1nyok tov\u00e1bbvitel\u00e9t tartj\u00e1k. Bogyiszl\u00f3 n\u00e9pzen\u00e9je [&hellip;]<\/p>\n","protected":false},"author":1,"featured_media":0,"parent":0,"menu_order":0,"comment_status":"closed","ping_status":"closed","template":"page-templates\/full-width.php","meta":[],"_links":{"self":[{"href":"https:\/\/bogyiszloizenekar.hu\/index.php?rest_route=\/wp\/v2\/pages\/2"}],"collection":[{"href":"https:\/\/bogyiszloizenekar.hu\/index.php?rest_route=\/wp\/v2\/pages"}],"about":[{"href":"https:\/\/bogyiszloizenekar.hu\/index.php?rest_route=\/wp\/v2\/types\/page"}],"author":[{"embeddable":true,"href":"https:\/\/bogyiszloizenekar.hu\/index.php?rest_route=\/wp\/v2\/users\/1"}],"replies":[{"embeddable":true,"href":"https:\/\/bogyiszloizenekar.hu\/index.php?rest_route=%2Fwp%2Fv2%2Fcomments&post=2"}],"version-history":[{"count":2,"href":"https:\/\/bogyiszloizenekar.hu\/index.php?rest_route=\/wp\/v2\/pages\/2\/revisions"}],"predecessor-version":[{"id":10,"href":"https:\/\/bogyiszloizenekar.hu\/index.php?rest_route=\/wp\/v2\/pages\/2\/revisions\/10"}],"wp:attachment":[{"href":"https:\/\/bogyiszloizenekar.hu\/index.php?rest_route=%2Fwp%2Fv2%2Fmedia&parent=2"}],"curies":[{"name":"wp","href":"https:\/\/api.w.org\/{rel}","templated":true}]}}