{"id":18,"date":"2015-04-20T18:55:10","date_gmt":"2015-04-20T18:55:10","guid":{"rendered":"http:\/\/bogyiszloizenekar.hu\/?page_id=18"},"modified":"2015-04-20T19:01:33","modified_gmt":"2015-04-20T19:01:33","slug":"a-mai-zenekar","status":"publish","type":"page","link":"https:\/\/bogyiszloizenekar.hu\/?page_id=18","title":{"rendered":"A mai zenekar"},"content":{"rendered":"<p class=\"western\" align=\"justify\">A zenekar a csal\u00e1don bel\u00fcli tagokkal m\u0171k\u00f6d\u00f6tt tov\u00e1bb. Az eredeti tagokkal egy\u00fctt, az unok\u00e1k, m\u00e1r j\u00e1tszottak a zenekarban, tanultak, \u00e9s \u00e9lvezt\u00e9k a zenekar j\u00f3 j\u00e1t\u00e9k\u00e1t. Igen unok\u00e1k, mely nagyon \u00e9rdekes, hisz a zen\u00e9szek fiai nem tanultak meg muzsik\u00e1lni. Ki maradt egy gener\u00e1ci\u00f3. Hogy mi\u00e9rt? Tal\u00e1n az\u00e9rt, mert abban az id\u0151ben \/1960-1970\/, nem a muzsik\u00e1l\u00e1s volt a f\u0151 tanul\u00e1si c\u00e9l. Az \u00faj szakm\u00e1k elsaj\u00e1t\u00edt\u00e1s\u00e1nak lehet\u0151s\u00e9ge, a meg\u00e9lhet\u00e9s szempontj\u00e1b\u00f3l nagyobb motiv\u00e1ci\u00f3t ny\u00fajtott.<\/p>\n<p class=\"western\" align=\"justify\">Sajnos az &#8220;\u00f6regek az \u00e9let rendje szerint elhunytak \u00e9s az unok\u00e1k vett\u00e9k \u00e1t a zenekart.<\/p>\n<p class=\"western\" align=\"justify\">Jelenleg Ors\u00f3s Kis J\u00e1nos unok\u00e1ja Mihalovics Zsolt vezeti a zenekart.<\/p>\n<p class=\"western\" align=\"justify\"><a href=\"http:\/\/bogyiszloizenekar.hu\/wp-content\/uploads\/2015\/04\/2208_c.jpg\"><img loading=\"lazy\" class=\"alignright size-medium wp-image-19\" src=\"http:\/\/bogyiszloizenekar.hu\/wp-content\/uploads\/2015\/04\/2208_c-300x266.jpg\" alt=\"2208_c\" width=\"300\" height=\"266\" srcset=\"https:\/\/bogyiszloizenekar.hu\/wp-content\/uploads\/2015\/04\/2208_c-300x266.jpg 300w, https:\/\/bogyiszloizenekar.hu\/wp-content\/uploads\/2015\/04\/2208_c-624x553.jpg 624w, https:\/\/bogyiszloizenekar.hu\/wp-content\/uploads\/2015\/04\/2208_c.jpg 867w\" sizes=\"(max-width: 300px) 100vw, 300px\" \/><\/a>A zenekar 2009-ben Hagyom\u00e1nyok H\u00e1za \u00e1ltal t\u00e1mogatott \u00e9s a Fon\u00f3 k\u00f6zrem\u0171k\u00f6d\u00e9s\u00e9vel &#8220;<i><b>Nagyap\u00e1ink \u00fatj\u00e1n&#8221;<\/b><\/i> c\u00edmmel lemezt jelentetett meg, melyhez az a Seb\u0151 Ferenc \u00edrt bens\u0151s\u00e9ges hangv\u00e9tel\u0171, sz\u00e9p aj\u00e1nl\u00e1st, aki az \u201e\u00f6regek\u201d muzsik\u00e1j\u00e1t a 80-as \u00e9vek elej\u00e9n m\u00e9g \u00e9l\u0151ben hallhatta.<\/p>\n<p class=\"western\" align=\"justify\"><span style=\"color: #000000;\">&#8220;Nagy \u00f6r\u00f6mmel aj\u00e1nlom a h\u00edres Bogyiszl\u00f3i Zenekar reinkarn\u00e1ci\u00f3j\u00e1t mindenki figyelm\u00e9be. Az Ors\u00f3s Kis J\u00e1nos vezette r\u00e9gi egy\u00fcttes el\u0151kel\u0151 helyen szerepelt mind a n\u00e9prajzosok, mind a t\u00e1nch\u00e1zmozgalom fiatal zen\u00e9szeinek toplist\u00e1j\u00e1n. A hagyom\u00e1nyok drasztikus sz\u00e9tfoszl\u00e1s\u00e1nak id\u0151szak\u00e1ban n\u00e9h\u00e1ny erd\u00e9lyi zenekarral egy\u00fctt az \u0151 muzsik\u00e1l\u00e1suk mentette \u00e1t azt a lelkes\u00edt\u0151 zenei \u00e9lm\u00e9nyt, amely a revival mozgalom motorjak\u00e9nt m\u0171k\u00f6d\u00f6tt. Hidat k\u00e9peztek a m\u00falt \u00e9s a form\u00e1l\u00f3d\u00f3 jelen k\u00f6z\u00f6tt. Legt\u00f6bb helyen a hagyom\u00e1nyos \u00e9letm\u00f3d felboml\u00e1sa els\u0151k\u00e9nt a zene \u00e9s t\u00e1nc\u00e9let elt\u0171n\u00e9s\u00e9vel kezd\u0151d\u00f6tt. A bogyiszl\u00f3i modell viszont megmutatta, hogy egy bels\u0151 revival is l\u00e9tezhet, a falu k\u00f6z\u00f6ss\u00e9ge p\u00e9ldamutat\u00f3 m\u00f3don \u00e1polta \u00e9s tette sz\u00ednpadi produkci\u00f3v\u00e1 a saj\u00e1t hagyom\u00e1ny\u00e1t, \u00e9s azzal reprezent\u00e1lja mag\u00e1t bel- \u00e9s k\u00fclf\u00f6ld\u00f6n napjainkig. Ezt a t\u00f6rekv\u00e9st viszik tov\u00e1bb az unok\u00e1k, Mihalovics Zsolt vezet\u00e9s\u00e9vel. Sz\u00e1momra, aki Pesov\u00e1r Ferenc \u00e9s Martin Gy\u00f6rgy nyomdokain sokat gy\u0171jt\u00f6ttem \u00e9s hanglemezen ki is adtam az \u00f6regek zen\u00e9j\u00e9t, nagy boldogs\u00e1g hallani, hogy ezt a sz\u00e9p muzsik\u00e1t nem csup\u00e1n a hangfelv\u00e9telek \u0151rzik, hanem a leg\u00e9l\u0151bb form\u00e1ban, a fiatalok hangz\u00e1svil\u00e1g\u00e1hoz igaz\u00edtva, de az eredeti karakter\u00e9t m\u00e9gis meg\u0151rizve tov\u00e1bb \u00e9l.&#8221; &#8211; Seb\u0151 Ferenc<\/span><\/p>\n<p class=\"western\" align=\"justify\"><span style=\"text-decoration: underline;\"><b><a href=\"http:\/\/bogyiszloizenekar.hu\/wp-content\/uploads\/2015\/04\/mai-zenekar.jpg\"><img loading=\"lazy\" class=\"alignright size-medium wp-image-23\" src=\"http:\/\/bogyiszloizenekar.hu\/wp-content\/uploads\/2015\/04\/mai-zenekar-300x225.jpg\" alt=\"mai-zenekar\" width=\"300\" height=\"225\" srcset=\"https:\/\/bogyiszloizenekar.hu\/wp-content\/uploads\/2015\/04\/mai-zenekar-300x225.jpg 300w, https:\/\/bogyiszloizenekar.hu\/wp-content\/uploads\/2015\/04\/mai-zenekar-624x468.jpg 624w, https:\/\/bogyiszloizenekar.hu\/wp-content\/uploads\/2015\/04\/mai-zenekar.jpg 800w\" sizes=\"(max-width: 300px) 100vw, 300px\" \/><\/a>Zenekari tagok:<\/b><\/span><\/p>\n<ul>\n<li>\n<p class=\"western\" align=\"justify\">Mihalovics Zsolt-heged\u0171pr\u00edm<\/p>\n<\/li>\n<li>\n<p class=\"western\" align=\"justify\">Bartha Zal\u00e1n-tamburapr\u00edm<\/p>\n<\/li>\n<li>\n<p class=\"western\" align=\"justify\">Ors\u00f3s Zolt\u00e1n-heged\u0171br\u00e1csa<\/p>\n<\/li>\n<li>\n<p class=\"western\" align=\"justify\">Kov\u00e1cs Ferenc &#8220;Tejes-tamburabr\u00e1csa<\/p>\n<\/li>\n<li>\n<p class=\"western\" align=\"justify\">Debreceni Istv\u00e1n &#8220;Talpi-nagyb\u0151g\u0151<\/p>\n<\/li>\n<li>\n<p class=\"western\" align=\"justify\">Ors\u00f3s Attila-nagyb\u0151g\u0151<\/p>\n<\/li>\n<\/ul>\n","protected":false},"excerpt":{"rendered":"<p>A zenekar a csal\u00e1don bel\u00fcli tagokkal m\u0171k\u00f6d\u00f6tt tov\u00e1bb. Az eredeti tagokkal egy\u00fctt, az unok\u00e1k, m\u00e1r j\u00e1tszottak a zenekarban, tanultak, \u00e9s \u00e9lvezt\u00e9k a zenekar j\u00f3 j\u00e1t\u00e9k\u00e1t. Igen unok\u00e1k, mely nagyon \u00e9rdekes, hisz a zen\u00e9szek fiai nem tanultak meg muzsik\u00e1lni. Ki maradt egy gener\u00e1ci\u00f3. Hogy mi\u00e9rt? Tal\u00e1n az\u00e9rt, mert abban az id\u0151ben \/1960-1970\/, nem a muzsik\u00e1l\u00e1s volt [&hellip;]<\/p>\n","protected":false},"author":1,"featured_media":0,"parent":0,"menu_order":0,"comment_status":"closed","ping_status":"closed","template":"page-templates\/full-width.php","meta":[],"_links":{"self":[{"href":"https:\/\/bogyiszloizenekar.hu\/index.php?rest_route=\/wp\/v2\/pages\/18"}],"collection":[{"href":"https:\/\/bogyiszloizenekar.hu\/index.php?rest_route=\/wp\/v2\/pages"}],"about":[{"href":"https:\/\/bogyiszloizenekar.hu\/index.php?rest_route=\/wp\/v2\/types\/page"}],"author":[{"embeddable":true,"href":"https:\/\/bogyiszloizenekar.hu\/index.php?rest_route=\/wp\/v2\/users\/1"}],"replies":[{"embeddable":true,"href":"https:\/\/bogyiszloizenekar.hu\/index.php?rest_route=%2Fwp%2Fv2%2Fcomments&post=18"}],"version-history":[{"count":4,"href":"https:\/\/bogyiszloizenekar.hu\/index.php?rest_route=\/wp\/v2\/pages\/18\/revisions"}],"predecessor-version":[{"id":24,"href":"https:\/\/bogyiszloizenekar.hu\/index.php?rest_route=\/wp\/v2\/pages\/18\/revisions\/24"}],"wp:attachment":[{"href":"https:\/\/bogyiszloizenekar.hu\/index.php?rest_route=%2Fwp%2Fv2%2Fmedia&parent=18"}],"curies":[{"name":"wp","href":"https:\/\/api.w.org\/{rel}","templated":true}]}}