{"id":11,"date":"2015-04-20T18:48:13","date_gmt":"2015-04-20T18:48:13","guid":{"rendered":"http:\/\/bogyiszloizenekar.hu\/?page_id=11"},"modified":"2015-04-20T18:49:26","modified_gmt":"2015-04-20T18:49:26","slug":"az-egykori-zenekar","status":"publish","type":"page","link":"https:\/\/bogyiszloizenekar.hu\/?page_id=11","title":{"rendered":"Az egykori zenekar"},"content":{"rendered":"<p class=\"western\" align=\"justify\"><span style=\"font-family: Cambria,serif;\"><i><b>Az egykori zenekar<\/b><\/i><\/span><\/p>\n<p class=\"western\" align=\"justify\">A zenekar j\u00f3l \u201ek\u00e9pzett\u201d (a zenekar tagok autodidakta m\u00f3don \u00e9s egym\u00e1st\u00f3l tanultak) zen\u00e9szekb\u0151l \u00e1llt, A tambura- \u00e9s von\u00f3s banda egyes\u00fcl\u00e9s\u00e9n\u00e9l a reperto\u00e1r \u00f6sszehangol\u00e1sa sem okozott neh\u00e9zs\u00e9get, hiszen a k\u00e9t zenekar k\u00f6zel ugyanazokat a dallamokat j\u00e1tszotta.<\/p>\n<p class=\"western\" align=\"justify\">\n<p class=\"western\" align=\"justify\"><a href=\"http:\/\/bogyiszloizenekar.hu\/wp-content\/uploads\/2015\/04\/egykori-zenekar.jpg\"><img loading=\"lazy\" class=\"  wp-image-12 alignright\" src=\"http:\/\/bogyiszloizenekar.hu\/wp-content\/uploads\/2015\/04\/egykori-zenekar.jpg\" alt=\"egykori-zenekar\" width=\"425\" height=\"309\" srcset=\"https:\/\/bogyiszloizenekar.hu\/wp-content\/uploads\/2015\/04\/egykori-zenekar.jpg 828w, https:\/\/bogyiszloizenekar.hu\/wp-content\/uploads\/2015\/04\/egykori-zenekar-300x218.jpg 300w, https:\/\/bogyiszloizenekar.hu\/wp-content\/uploads\/2015\/04\/egykori-zenekar-624x453.jpg 624w\" sizes=\"(max-width: 425px) 100vw, 425px\" \/><\/a>Akkori zenekari tagok:<\/p>\n<ul>\n<li>\n<p class=\"western\" align=\"justify\">Ors\u00f3s Kis J\u00e1nos (1923.) \u2013 vezet\u0151 pr\u00edm\u00e1s<\/p>\n<\/li>\n<li>\n<p class=\"western\" align=\"justify\">Ors\u00f3s Andr\u00e1s (1934) \u2013 seg\u00e9dpr\u00edm\u00e1s \u00e9s kontr\u00e1s<\/p>\n<\/li>\n<li>\n<p class=\"western\" align=\"justify\">Ors\u00f3s Lajos (1921) \u2013 br\u00e1cs\u00e1s<\/p>\n<\/li>\n<li>\n<p class=\"western\" align=\"justify\">Kov\u00e1cs J\u00e1nos \u201dK\u00f6les\u201d(1935) \u2013 tamburapr\u00edm\u00e1s<\/p>\n<\/li>\n<li>\n<p class=\"western\" align=\"justify\">Kov\u00e1cs Ferenc \u201eTejes\u201d(1933.) \u2013 tamburabr\u00e1cs\u00e1s<\/p>\n<\/li>\n<li>\n<p class=\"western\" align=\"justify\">Bogd\u00e1n P\u00e9ter (1927) \u2013 nagyb\u0151g\u0151s<\/p>\n<\/li>\n<\/ul>\n<p align=\"justify\">A mai zenekar alap\u00edt\u00e1skori vezet\u0151 pr\u00edm\u00e1sa Ors\u00f3s Kis J\u00e1nos a h\u00e1bor\u00fa ut\u00e1n, az 1958-ban elhunyt nagyb\u00e1tyja (Kis Bogd\u00e1n Ferenc, heged\u0171pr\u00edm\u00e1s) \u00f6r\u00f6k\u00e9be l\u00e9pve ker\u00fclt annak r\u00e9gi zenekara \u00e9l\u00e9re. Ez az egy\u00fcttes k\u00eds\u00e9rte von\u00f3s muzsik\u00e1j\u00e1val a r\u00e9gi t\u00e1ncegy\u00fcttest. Tagja Ors\u00f3s Lajos br\u00e1cs\u00e1s \u00e9s Bogdanovics Antal voltak.<\/p>\n<p align=\"justify\">A zenekar m\u00e1sik r\u00e9sz\u00e9t alkot\u00f3 egy\u00fcttes 1947 \u00f3ta m\u0171k\u00f6d\u00f6tt. Ors\u00f3s Andr\u00e1s heged\u0171pr\u00edm\u00e1s mellett (aki k\u00e9s\u0151bb m\u00e1sodpr\u00edm\u00e1s), ebben a zenekarban a tambur\u00e1k domin\u00e1ltak. Kov\u00e1cs J\u00e1nos &#8220;K\u00f6les&#8221; pr\u00edmtambur\u00e1n, Kov\u00e1cs Ferenc tambura-br\u00e1cson, Bogd\u00e1n P\u00e9ter pedig nagyb\u0151g\u0151n j\u00e1tszott.<\/p>\n<p align=\"justify\">A tambura nagyon n\u00e9pszer\u0171 hangszer volt ezen a vid\u00e9ken a 20-as, 30-as \u00e9vekben. Maga Ors\u00f3s Kis J\u00e1nos is tambur\u00e1n kezdett muzsik\u00e1lni kilenc \u00e9ves kor\u00e1ban, s csak k\u00e9s\u0151bb t\u00e9rt \u00e1t a heged\u0171j\u00e1t\u00e9kra. Apja, Ors\u00f3s Lajos \u00e9s nagyapja, Ors\u00f3s J\u00e1nos is tamburapr\u00edm\u00e1s volt.<\/p>\n<p align=\"justify\">A k\u00e9t zenekar 1969-ben azt\u00e1n Ors\u00f3s Kis J\u00e1nos vezet\u00e9s\u00e9vel egyes\u00fclt.<\/p>\n<p align=\"justify\">A zen\u00e9szek besz\u00e1mol\u00f3i szerint, el\u0151deik m\u0171k\u00f6d\u00e9si ter\u00fclete a Bogyiszl\u00f3t\u00f3l t\u00e1volabbra es\u0151 ter\u00fcletekre is kiterjedt. K\u00fcl\u00f6n\u00f6sen gyakran j\u00e1rtak \u00e1t a Duna t\u00fals\u00f3 fel\u00e9re. Fajsz, B\u00e1tya, Dusnok, Miske, S\u00fck\u00f6sd, Csan\u00e1d kevert etnikum\u00fa lakoss\u00e1g\u00e1nak a magyar zene mellett d\u00e9lszl\u00e1v (&#8220;r\u00e1c&#8221; illetve &#8220;t\u00f3t&#8221;), cig\u00e1ny, valamint n\u00e9met (&#8220;sv\u00e1b&#8221;) t\u00e1ncmuzsik\u00e1val is kellett szolg\u00e1lni.<\/p>\n","protected":false},"excerpt":{"rendered":"<p>Az egykori zenekar A zenekar j\u00f3l \u201ek\u00e9pzett\u201d (a zenekar tagok autodidakta m\u00f3don \u00e9s egym\u00e1st\u00f3l tanultak) zen\u00e9szekb\u0151l \u00e1llt, A tambura- \u00e9s von\u00f3s banda egyes\u00fcl\u00e9s\u00e9n\u00e9l a reperto\u00e1r \u00f6sszehangol\u00e1sa sem okozott neh\u00e9zs\u00e9get, hiszen a k\u00e9t zenekar k\u00f6zel ugyanazokat a dallamokat j\u00e1tszotta. Akkori zenekari tagok: Ors\u00f3s Kis J\u00e1nos (1923.) \u2013 vezet\u0151 pr\u00edm\u00e1s Ors\u00f3s Andr\u00e1s (1934) \u2013 seg\u00e9dpr\u00edm\u00e1s \u00e9s kontr\u00e1s [&hellip;]<\/p>\n","protected":false},"author":1,"featured_media":0,"parent":0,"menu_order":0,"comment_status":"closed","ping_status":"closed","template":"page-templates\/full-width.php","meta":[],"_links":{"self":[{"href":"https:\/\/bogyiszloizenekar.hu\/index.php?rest_route=\/wp\/v2\/pages\/11"}],"collection":[{"href":"https:\/\/bogyiszloizenekar.hu\/index.php?rest_route=\/wp\/v2\/pages"}],"about":[{"href":"https:\/\/bogyiszloizenekar.hu\/index.php?rest_route=\/wp\/v2\/types\/page"}],"author":[{"embeddable":true,"href":"https:\/\/bogyiszloizenekar.hu\/index.php?rest_route=\/wp\/v2\/users\/1"}],"replies":[{"embeddable":true,"href":"https:\/\/bogyiszloizenekar.hu\/index.php?rest_route=%2Fwp%2Fv2%2Fcomments&post=11"}],"version-history":[{"count":3,"href":"https:\/\/bogyiszloizenekar.hu\/index.php?rest_route=\/wp\/v2\/pages\/11\/revisions"}],"predecessor-version":[{"id":15,"href":"https:\/\/bogyiszloizenekar.hu\/index.php?rest_route=\/wp\/v2\/pages\/11\/revisions\/15"}],"wp:attachment":[{"href":"https:\/\/bogyiszloizenekar.hu\/index.php?rest_route=%2Fwp%2Fv2%2Fmedia&parent=11"}],"curies":[{"name":"wp","href":"https:\/\/api.w.org\/{rel}","templated":true}]}}